{"id":36,"date":"2025-01-08T15:59:36","date_gmt":"2025-01-08T15:59:36","guid":{"rendered":"https:\/\/famos.com.br\/?page_id=36"},"modified":"2025-01-08T17:06:24","modified_gmt":"2025-01-08T20:06:24","slug":"do-pixel-ao-infinito","status":"publish","type":"page","link":"https:\/\/famos.com.br\/inicio\/do-pixel-ao-infinito\/","title":{"rendered":"Do Pixel ao Infinito com Photoshop"},"content":{"rendered":"","protected":false},"excerpt":{"rendered":"","protected":false},"author":1,"featured_media":0,"parent":0,"menu_order":0,"comment_status":"closed","ping_status":"closed","template":"","meta":{"nf_dc_page":"","om_disable_all_campaigns":false,"_monsterinsights_skip_tracking":false,"_monsterinsights_sitenote_active":false,"_monsterinsights_sitenote_note":"","_monsterinsights_sitenote_category":0,"footnotes":""},"class_list":["post-36","page","type-page","status-publish","hentry"],"yoast_head":"<!-- This site is optimized with the Yoast SEO plugin v27.5 - https:\/\/yoast.com\/product\/yoast-seo-wordpress\/ -->\n<title>Do Pixel ao Infinito com Photoshop - Famos Motion School: Transformando Paix\u00e3o em Profiss\u00e3o no Mercado Audiovisual<\/title>\n<meta name=\"robots\" content=\"index, follow, max-snippet:-1, max-image-preview:large, max-video-preview:-1\" \/>\n<link rel=\"canonical\" href=\"https:\/\/famos.com.br\/inicio\/do-pixel-ao-infinito\/\" \/>\n<meta property=\"og:locale\" content=\"pt_BR\" \/>\n<meta property=\"og:type\" content=\"article\" \/>\n<meta property=\"og:title\" content=\"Do Pixel ao Infinito com Photoshop - Famos Motion School: Transformando Paix\u00e3o em Profiss\u00e3o no Mercado Audiovisual\" \/>\n<meta property=\"og:url\" content=\"https:\/\/famos.com.br\/inicio\/do-pixel-ao-infinito\/\" \/>\n<meta property=\"og:site_name\" content=\"Famos Motion School: Transformando Paix\u00e3o em Profiss\u00e3o no Mercado Audiovisual\" \/>\n<meta property=\"article:modified_time\" content=\"2025-01-08T20:06:24+00:00\" \/>\n<meta name=\"twitter:card\" content=\"summary_large_image\" \/>\n<script type=\"application\/ld+json\" class=\"yoast-schema-graph\">{\"@context\":\"https:\\\/\\\/schema.org\",\"@graph\":[{\"@type\":\"WebPage\",\"@id\":\"https:\\\/\\\/famos.com.br\\\/inicio\\\/do-pixel-ao-infinito\\\/\",\"url\":\"https:\\\/\\\/famos.com.br\\\/inicio\\\/do-pixel-ao-infinito\\\/\",\"name\":\"Do Pixel ao Infinito com Photoshop - Famos Motion School: Transformando Paix\u00e3o em Profiss\u00e3o no Mercado Audiovisual\",\"isPartOf\":{\"@id\":\"https:\\\/\\\/famos.com.br\\\/inicio\\\/#website\"},\"datePublished\":\"2025-01-08T15:59:36+00:00\",\"dateModified\":\"2025-01-08T20:06:24+00:00\",\"breadcrumb\":{\"@id\":\"https:\\\/\\\/famos.com.br\\\/inicio\\\/do-pixel-ao-infinito\\\/#breadcrumb\"},\"inLanguage\":\"pt-BR\",\"potentialAction\":[{\"@type\":\"ReadAction\",\"target\":[\"https:\\\/\\\/famos.com.br\\\/inicio\\\/do-pixel-ao-infinito\\\/\"]}]},{\"@type\":\"BreadcrumbList\",\"@id\":\"https:\\\/\\\/famos.com.br\\\/inicio\\\/do-pixel-ao-infinito\\\/#breadcrumb\",\"itemListElement\":[{\"@type\":\"ListItem\",\"position\":1,\"name\":\"Home\",\"item\":\"https:\\\/\\\/famos.com.br\\\/inicio\\\/\"},{\"@type\":\"ListItem\",\"position\":2,\"name\":\"Do Pixel ao Infinito com Photoshop\"}]},{\"@type\":\"WebSite\",\"@id\":\"https:\\\/\\\/famos.com.br\\\/inicio\\\/#website\",\"url\":\"https:\\\/\\\/famos.com.br\\\/inicio\\\/\",\"name\":\"Famos Motion School: Transformando Paix\u00e3o em Profiss\u00e3o no Mercado Audiovisual\",\"description\":\"Famos Motion School: Cursos de criatividade, design, edi\u00e7\u00e3o de v\u00eddeo, motion design e mais, com Marcelo Favotto. Transforme ideias em projetos incr\u00edveis!\",\"publisher\":{\"@id\":\"https:\\\/\\\/famos.com.br\\\/inicio\\\/#organization\"},\"potentialAction\":[{\"@type\":\"SearchAction\",\"target\":{\"@type\":\"EntryPoint\",\"urlTemplate\":\"https:\\\/\\\/famos.com.br\\\/inicio\\\/?s={search_term_string}\"},\"query-input\":{\"@type\":\"PropertyValueSpecification\",\"valueRequired\":true,\"valueName\":\"search_term_string\"}}],\"inLanguage\":\"pt-BR\"},{\"@type\":\"Organization\",\"@id\":\"https:\\\/\\\/famos.com.br\\\/inicio\\\/#organization\",\"name\":\"Famos Motion School: Transformando Paix\u00e3o em Profiss\u00e3o no Mercado Audiovisual\",\"url\":\"https:\\\/\\\/famos.com.br\\\/inicio\\\/\",\"logo\":{\"@type\":\"ImageObject\",\"inLanguage\":\"pt-BR\",\"@id\":\"https:\\\/\\\/famos.com.br\\\/inicio\\\/#\\\/schema\\\/logo\\\/image\\\/\",\"url\":\"https:\\\/\\\/i0.wp.com\\\/famos.com.br\\\/wp-content\\\/uploads\\\/2025\\\/01\\\/Logo-Famos-Horizontal-Branco_Min.png?fit=927%2C318&ssl=1\",\"contentUrl\":\"https:\\\/\\\/i0.wp.com\\\/famos.com.br\\\/wp-content\\\/uploads\\\/2025\\\/01\\\/Logo-Famos-Horizontal-Branco_Min.png?fit=927%2C318&ssl=1\",\"width\":927,\"height\":318,\"caption\":\"Famos Motion School: Transformando Paix\u00e3o em Profiss\u00e3o no Mercado Audiovisual\"},\"image\":{\"@id\":\"https:\\\/\\\/famos.com.br\\\/inicio\\\/#\\\/schema\\\/logo\\\/image\\\/\"}}]}<\/script>\n<!-- \/ Yoast SEO plugin. -->","yoast_head_json":{"title":"Do Pixel ao Infinito com Photoshop - Famos Motion School: Transformando Paix\u00e3o em Profiss\u00e3o no Mercado Audiovisual","robots":{"index":"index","follow":"follow","max-snippet":"max-snippet:-1","max-image-preview":"max-image-preview:large","max-video-preview":"max-video-preview:-1"},"canonical":"https:\/\/famos.com.br\/inicio\/do-pixel-ao-infinito\/","og_locale":"pt_BR","og_type":"article","og_title":"Do Pixel ao Infinito com Photoshop - Famos Motion School: Transformando Paix\u00e3o em Profiss\u00e3o no Mercado Audiovisual","og_url":"https:\/\/famos.com.br\/inicio\/do-pixel-ao-infinito\/","og_site_name":"Famos Motion School: Transformando Paix\u00e3o em Profiss\u00e3o no Mercado Audiovisual","article_modified_time":"2025-01-08T20:06:24+00:00","twitter_card":"summary_large_image","schema":{"@context":"https:\/\/schema.org","@graph":[{"@type":"WebPage","@id":"https:\/\/famos.com.br\/inicio\/do-pixel-ao-infinito\/","url":"https:\/\/famos.com.br\/inicio\/do-pixel-ao-infinito\/","name":"Do Pixel ao Infinito com Photoshop - Famos Motion School: Transformando Paix\u00e3o em Profiss\u00e3o no Mercado Audiovisual","isPartOf":{"@id":"https:\/\/famos.com.br\/inicio\/#website"},"datePublished":"2025-01-08T15:59:36+00:00","dateModified":"2025-01-08T20:06:24+00:00","breadcrumb":{"@id":"https:\/\/famos.com.br\/inicio\/do-pixel-ao-infinito\/#breadcrumb"},"inLanguage":"pt-BR","potentialAction":[{"@type":"ReadAction","target":["https:\/\/famos.com.br\/inicio\/do-pixel-ao-infinito\/"]}]},{"@type":"BreadcrumbList","@id":"https:\/\/famos.com.br\/inicio\/do-pixel-ao-infinito\/#breadcrumb","itemListElement":[{"@type":"ListItem","position":1,"name":"Home","item":"https:\/\/famos.com.br\/inicio\/"},{"@type":"ListItem","position":2,"name":"Do Pixel ao Infinito com Photoshop"}]},{"@type":"WebSite","@id":"https:\/\/famos.com.br\/inicio\/#website","url":"https:\/\/famos.com.br\/inicio\/","name":"Famos Motion School: Transformando Paix\u00e3o em Profiss\u00e3o no Mercado Audiovisual","description":"Famos Motion School: Cursos de criatividade, design, edi\u00e7\u00e3o de v\u00eddeo, motion design e mais, com Marcelo Favotto. Transforme ideias em projetos incr\u00edveis!","publisher":{"@id":"https:\/\/famos.com.br\/inicio\/#organization"},"potentialAction":[{"@type":"SearchAction","target":{"@type":"EntryPoint","urlTemplate":"https:\/\/famos.com.br\/inicio\/?s={search_term_string}"},"query-input":{"@type":"PropertyValueSpecification","valueRequired":true,"valueName":"search_term_string"}}],"inLanguage":"pt-BR"},{"@type":"Organization","@id":"https:\/\/famos.com.br\/inicio\/#organization","name":"Famos Motion School: Transformando Paix\u00e3o em Profiss\u00e3o no Mercado Audiovisual","url":"https:\/\/famos.com.br\/inicio\/","logo":{"@type":"ImageObject","inLanguage":"pt-BR","@id":"https:\/\/famos.com.br\/inicio\/#\/schema\/logo\/image\/","url":"https:\/\/i0.wp.com\/famos.com.br\/wp-content\/uploads\/2025\/01\/Logo-Famos-Horizontal-Branco_Min.png?fit=927%2C318&ssl=1","contentUrl":"https:\/\/i0.wp.com\/famos.com.br\/wp-content\/uploads\/2025\/01\/Logo-Famos-Horizontal-Branco_Min.png?fit=927%2C318&ssl=1","width":927,"height":318,"caption":"Famos Motion School: Transformando Paix\u00e3o em Profiss\u00e3o no Mercado Audiovisual"},"image":{"@id":"https:\/\/famos.com.br\/inicio\/#\/schema\/logo\/image\/"}}]}},"jetpack_sharing_enabled":true,"_links":{"self":[{"href":"https:\/\/famos.com.br\/inicio\/wp-json\/wp\/v2\/pages\/36","targetHints":{"allow":["GET"]}}],"collection":[{"href":"https:\/\/famos.com.br\/inicio\/wp-json\/wp\/v2\/pages"}],"about":[{"href":"https:\/\/famos.com.br\/inicio\/wp-json\/wp\/v2\/types\/page"}],"author":[{"embeddable":true,"href":"https:\/\/famos.com.br\/inicio\/wp-json\/wp\/v2\/users\/1"}],"replies":[{"embeddable":true,"href":"https:\/\/famos.com.br\/inicio\/wp-json\/wp\/v2\/comments?post=36"}],"version-history":[{"count":2,"href":"https:\/\/famos.com.br\/inicio\/wp-json\/wp\/v2\/pages\/36\/revisions"}],"predecessor-version":[{"id":89,"href":"https:\/\/famos.com.br\/inicio\/wp-json\/wp\/v2\/pages\/36\/revisions\/89"}],"wp:attachment":[{"href":"https:\/\/famos.com.br\/inicio\/wp-json\/wp\/v2\/media?parent=36"}],"curies":[{"name":"wp","href":"https:\/\/api.w.org\/{rel}","templated":true}]}}